{"id":272,"date":"2021-01-21T13:34:41","date_gmt":"2021-01-21T13:34:41","guid":{"rendered":"http:\/\/ulrichsalzmann.com\/?page_id=272"},"modified":"2021-02-02T10:49:07","modified_gmt":"2021-02-02T10:49:07","slug":"dsgvo","status":"publish","type":"page","link":"https:\/\/ulrichsalzmann.com\/?page_id=272","title":{"rendered":"DSGVO"},"content":{"rendered":"<div  data-label=\"Datenschutzerklaerung\" data-id=\"content--1\" data-export-id=\"content-12\" data-category=\"content\" class=\"content-12 content-section content-section-spacing\" id=\"datenschutzerklaerung\" style=\"background-color: rgb(255, 255, 255);\"><div  class=\"\"> <div  class=\"row text-center\"><div  class=\"section-title-col\" data-type=\"column\"> <h2  class=\"no-after\">Datenschutzerkl\u00e4rung<\/h2> <p  class=\"lead\">Der Schutz Ihrer pers\u00f6nlichen Daten wird bei sehr ernst genommen und die Einhaltung der Datenschutzbestimmungen, insbesondere aus der EU Datenschutzverordnung (DGSVO) ist f\u00fcr uns eine Selbstverst\u00e4ndlichkeit. Auf dieser Seite informieren wir Sie \u00fcber die Datenverarbeitung auf unserer Webseite sowie \u00fcber Ihre Rechte im Zusammenhang mit dem Datenschutz.\n<br ><br >COOKIES<br >Eine Vielzahl von Internetseiten verwenden sogenannte Cookies. Cookies richten auf Ihrem Rechner keinen Schaden an und enthalten keine Viren. Cookies dienen dazu, unser Angebot nutzerfreundlicher, effektiver und sicherer zu machen. Cookies sind kleine Textdateien, die auf Ihrem Rechner abgelegt werden und die Ihr Browser speichert.<br >Die meisten der von uns verwendeten Cookies sind sogenannte \u201eSession-Cookies\u201c. Sie werden nach Ende Ihres Besuchs automatisch gel\u00f6scht. Andere Cookies bleiben auf Ihrem Endger\u00e4t gespeichert, bis Sie diese l\u00f6schen. Diese Cookies erm\u00f6glichen es uns, Ihren Browser beim n\u00e4chsten Besuch wiederzuerkennen.<br >Sie k\u00f6nnen Ihren Browser so einstellen, dass Sie \u00fcber das Setzen von Cookies informiert werden und Cookies nur im Einzelfall erlauben, die Annahme von Cookies f\u00fcr bestimmte F\u00e4lle oder generell ausschlie\u00dfen sowie das automatische L\u00f6schen der Cookies beim Schlie\u00dfen des Browser aktivieren. Bei der Deaktivierung von Cookies kann die Funktionalit\u00e4t dieser Website eingeschr\u00e4nkt sein.\n<br ><br >KONTAKTFORMULAR<br >Wenn Sie uns per Kontaktformular \u00fcber Kontakt Anfragen zukommen lassen, werden Ihre Angaben aus dem Anfrageformular inklusive der von Ihnen dort angegebenen Kontaktdaten zwecks Bearbeitung der Anfrage und f\u00fcr den Fall von Anschlussfragen bei uns gespeichert. Diese Daten geben wir nicht ohne Ihre Einwilligung weiter.\n<br ><br >WEBANALYSE<br >Unsere Webseite verwendet Matomo, eine Open-Source-Software zur statistischen Auswertung der Besucherzugriffe. Matomo verwendet Cookies, die auf Ihrem Computer gespeichert werden und die eine anonymisierte Analyse Ihrer Nutzung des Webauftritts erm\u00f6glichen. Ein R\u00fcckschluss auf eine bestimmte Person ist dabei nicht m\u00f6glich, da Ihre IP-Adresse sofort nach der Verarbeitung und vor der Speicherung anonymisiert wird.\n<br ><br >DATENVERARBEITUNG AUF DER WEBSEITE<br >Die Nutzung unserer Webseite ist ohne Angabe personenbezogener Daten m\u00f6glich. Es werden nur personenbezogene Daten erhoben, wenn Sie aktiv mit uns per E-Mail Kontakt aufnehmen. Diese Daten werden intern verarbeitet um Ihr Anliegen zu bearbeiten und werden ohne Ihre ausdr\u00fcckliche Zustimmung nicht an Dritte weitergegeben. Allerdings weisen darauf hin, dass die Daten\u00fcbertragung im Internet (z.B. bei der Kommunikation per E-Mail) Sicherheitsl\u00fccken aufweisen kann. Ein l\u00fcckenloser Schutz der Daten vor dem Zugriff durch Dritte ist nicht m\u00f6glich.<br ><br >Sie k\u00f6nnen der Nutzung Ihrer personenbezogenen Daten durch uns jederzeit durch eine formlose Mitteilung auf dem Postweg oder per E-Mail widersprechen.<br ><br >AUSKUNFTSRECHT<br >Auf Verlangen werden wir Ihnen unentgeltlich Auskunft \u00fcber die zu Ihrer Person gespeicherten Daten erteilen. Wenn Sie dies w\u00fcnschen, senden Sie bitte die Anfrage an unseren Datenschutzbeauftragten. Die Kontaktdaten finden Sie am Ende dieser Seite.<br >Sollten \u00fcber Ihre Person Daten vorliegen, haben Sie zudem das Recht, dass wir Ihre Daten berichtigen, sperren oder l\u00f6schen.<br >Bei weiteren Fragen zum Thema Datenschutz, k\u00f6nnen Sie uns gerne kontaktieren.\n<br ><br >Sie erreichen uns unter:\n<br >Ulrich Salzmann\n<br >Dipl. Ing. Freier Architekt\n<br >Himmelstra\u00dfe 8\n<br >22299 Hamburg\n<br >Tel. +49 40 81 99 44 62\n<br >Mobil +49 173 809 17 00\n<br >E-Mail: info@ulrichsalzmann.com\n<\/p><\/div> <\/div> <div  class=\"row center-xs middle-xs\"> <div  class=\"col-sm-9\" data-type=\"column\"> <\/div> <\/div><\/div> <\/div>","protected":false},"excerpt":{"rendered":"<p>Datenschutzerkl\u00e4rung Der Schutz Ihrer pers\u00f6nlichen Daten wird bei sehr ernst genommen und die Einhaltung der Datenschutzbestimmungen, insbesondere aus der EU Datenschutzverordnung (DGSVO) ist f\u00fcr uns eine Selbstverst\u00e4ndlichkeit. Auf dieser Seite informieren wir Sie \u00fcber die Datenverarbeitung auf unserer Webseite sowie \u00fcber Ihre Rechte im Zusammenhang mit dem Datenschutz. COOKIESEine Vielzahl von Internetseiten verwenden sogenannte Cookies.&hellip; <br \/> <a class=\"read-more\" href=\"https:\/\/ulrichsalzmann.com\/?page_id=272\">Weiterlesen<\/a><\/p>\n","protected":false},"author":2,"featured_media":0,"parent":5,"menu_order":0,"comment_status":"closed","ping_status":"closed","template":"","meta":{"footnotes":""},"class_list":["post-272","page","type-page","status-publish","hentry"],"_links":{"self":[{"href":"https:\/\/ulrichsalzmann.com\/index.php?rest_route=\/wp\/v2\/pages\/272"}],"collection":[{"href":"https:\/\/ulrichsalzmann.com\/index.php?rest_route=\/wp\/v2\/pages"}],"about":[{"href":"https:\/\/ulrichsalzmann.com\/index.php?rest_route=\/wp\/v2\/types\/page"}],"author":[{"embeddable":true,"href":"https:\/\/ulrichsalzmann.com\/index.php?rest_route=\/wp\/v2\/users\/2"}],"replies":[{"embeddable":true,"href":"https:\/\/ulrichsalzmann.com\/index.php?rest_route=%2Fwp%2Fv2%2Fcomments&post=272"}],"version-history":[{"count":15,"href":"https:\/\/ulrichsalzmann.com\/index.php?rest_route=\/wp\/v2\/pages\/272\/revisions"}],"predecessor-version":[{"id":365,"href":"https:\/\/ulrichsalzmann.com\/index.php?rest_route=\/wp\/v2\/pages\/272\/revisions\/365"}],"up":[{"embeddable":true,"href":"https:\/\/ulrichsalzmann.com\/index.php?rest_route=\/wp\/v2\/pages\/5"}],"wp:attachment":[{"href":"https:\/\/ulrichsalzmann.com\/index.php?rest_route=%2Fwp%2Fv2%2Fmedia&parent=272"}],"curies":[{"name":"wp","href":"https:\/\/api.w.org\/{rel}","templated":true}]}}